{"id":1023,"date":"2021-05-24T10:03:13","date_gmt":"2021-05-24T03:03:13","guid":{"rendered":"https:\/\/premiumshopclt.com\/?page_id=1023"},"modified":"2025-11-20T15:36:06","modified_gmt":"2025-11-20T12:36:06","slug":"men","status":"publish","type":"page","link":"https:\/\/premiumshopclt.com\/","title":{"rendered":"Acasa"},"content":{"rendered":"\t\t<div data-elementor-type=\"wp-page\" data-elementor-id=\"1023\" class=\"elementor elementor-1023\">\n\t\t\t\t<div class=\"elementor-element elementor-element-99fb562 e-con-full fix-slider-width e-flex e-con e-parent\" data-id=\"99fb562\" data-element_type=\"container\">\n\t\t<div class=\"elementor-element elementor-element-0f4bc27 e-con-full e-flex e-con e-child\" data-id=\"0f4bc27\" data-element_type=\"container\">\n\t\t\t\t<\/div>\n\t\t<div class=\"elementor-element elementor-element-f0eda8c e-con-full e-flex e-con e-child\" data-id=\"f0eda8c\" data-element_type=\"container\">\n\t\t<div class=\"elementor-element elementor-element-79af582 e-con-full e-flex e-con e-child\" data-id=\"79af582\" data-element_type=\"container\" data-settings=\"{&quot;background_background&quot;:&quot;classic&quot;}\">\n\t\t<div class=\"elementor-element elementor-element-8c80faa e-con-full e-flex e-con e-child\" data-id=\"8c80faa\" data-element_type=\"container\" data-settings=\"{&quot;background_background&quot;:&quot;classic&quot;,&quot;position&quot;:&quot;absolute&quot;}\">\n\t\t\t\t<div class=\"elementor-element elementor-element-6545164 elementor-widget elementor-widget-heading\" data-id=\"6545164\" data-element_type=\"widget\" data-widget_type=\"heading.default\">\n\t\t\t\t\t<h6 class=\"elementor-heading-title elementor-size-default\">$<\/h6>\t\t\t\t<\/div>\n\t\t\t\t<div class=\"elementor-element elementor-element-11c3e88 elementor-widget elementor-widget-heading\" data-id=\"11c3e88\" data-element_type=\"widget\" data-widget_type=\"heading.default\">\n\t\t\t\t\t<h6 class=\"elementor-heading-title elementor-size-default\">29<\/h6>\t\t\t\t<\/div>\n\t\t\t\t<\/div>\n\t\t\t\t<\/div>\n\t\t\t\t<\/div>\n\t\t\t\t<\/div>\n\t\t<div class=\"elementor-element elementor-element-7968d53 e-flex e-con-boxed e-con e-parent\" data-id=\"7968d53\" data-element_type=\"container\">\n\t\t\t\t\t<div class=\"e-con-inner\">\n\t\t<div class=\"elementor-element elementor-element-34035e5 e-con-full e-flex e-con e-child\" data-id=\"34035e5\" data-element_type=\"container\">\n\t\t\t\t<div class=\"elementor-element elementor-element-a241fab elementor-widget elementor-widget-slider_revolution\" data-id=\"a241fab\" data-element_type=\"widget\" data-widget_type=\"slider_revolution.default\">\n\t\t\t\t\t\n\t\t<div class=\"wp-block-themepunch-revslider\">\n\t\t\t\t<p class=\"rs-p-wp-fix\"><\/p>\n\t\t\t\t<sr7-module data-alias=\"fashion-hoodie\" data-id=\"9\" id=\"SR7_9_1\" class=\"rs-ov-hidden\" data-version=\"6.7.38\">\n\t\t\t\t\t<sr7-adjuster><\/sr7-adjuster>\n\t\t\t\t\t<sr7-content>\n\t\t\t\t\t\t<sr7-slide id=\"SR7_9_1-24\" data-key=\"24\">\n\t\t\t\t\t\t\t<sr7-txt id=\"SR7_9_1-24-1\" class=\"sr7-layer\">Ma\u0219in\u0103 de tuns profesional\u0103 vintage cu lame din o\u021bel inoxidabil<br \/>\n<br \/>\nCaracteristici principale:<br \/>\nLame din o\u021bel inoxidabil de \u00eenalt\u0103 calitate<br \/>\n4 capete de tuns interschimbabile pentru diferite lungimi<br \/>\nDesign premium, cu detalii gravate \u0219i finisaj metalic<br \/>\n\u00cenc\u0103rcare rapid\u0103 prin cablu USB<br \/>\nInclude perie de cur\u0103\u021bare \u0219i accesorii complete pentru \u00eentre\u021binere<br \/>\nPerfect\u0103 at\u00e2t pentru uz personal, c\u00e2t \u0219i profesional, aceast\u0103 ma\u0219in\u0103 de tuns ofer\u0103 control<\/sr7-txt>\n\t\t\t\t\t\t<\/sr7-slide>\n\t\t\t\t\t\t<sr7-slide id=\"SR7_9_1-36\" data-key=\"36\">\n\t\t\t\t\t\t\t<a id=\"SR7_9_1-36-0\" class=\"sr7-layer\" href=\"https:\/\/premiumshopclt.com\/?product=masina-de-tuns-profesionala-vintage-cu-lame-din-otel-inoxidabil\" target=\"_self\">Buy now<\/a>\n\t\t\t\t\t\t\t<sr7-txt id=\"SR7_9_1-36-16\" class=\"sr7-layer\">-47%<\/sr7-txt>\n\t\t\t\t\t\t<\/sr7-slide>\n\t\t\t\t\t<\/sr7-content>\n\t\t\t\t\t<image_lists style=\"display:none\">\n\t\t\t\t\t\t<img data-src=\"\/\/premiumshopclt.com\/wp-content\/uploads\/2025\/11\/WhatsApp_Image_2025-11-07_at_16.09.30-removebg-preview.png\" data-libid=\"10518\" data-lib=\"medialibrary\" title=\"WhatsApp_Image_2025-11-07_at_16.09.30-removebg-preview\" width=\"0\" height=\"0\" data-dbsrc=\"Ly9wcmVtaXVtc2hvcGNsdC5jb20vd3AtY29udGVudC91cGxvYWRzLzIwMjUvMTEvV2hhdHNBcHBfSW1hZ2VfMjAyNS0xMS0wN19hdF8xNi4wOS4zMC1yZW1vdmViZy1wcmV2aWV3LnBuZw==\"\/>\n\t\t\t\t\t<\/image_lists>\n\t\t\t\t<\/sr7-module>\n\t\t\t\t<script>\n\t\t\t\t\tSR7.PMH ??={}; SR7.PMH[\"SR7_9_1\"] = {cn:100,state:false,fn: function() { if (_tpt!==undefined && _tpt.prepareModuleHeight !== undefined) {  _tpt.prepareModuleHeight({id:\"SR7_9_1\",el:[576,576,430,360,620],type:'standard',shdw:'0',gh:[576,576,430,360,620],gw:[1300,1300,1024,768,420],vpt:['-100px&#039;,&#039;-100px&#039;,&#039;-100px&#039;,&#039;-100px&#039;,&#039;-100px'],size:{fullWidth:true, fullHeight:false},mh:'0',onh:0,onw:0,bg:{color:'{\"type\":\"solid\",\"orig\":\"#ebeef0\",\"string\":\"rgba(235, 238, 240, 1)\"}'},plType:'7',plColor:'#000000'});   SR7.PMH[\"SR7_9_1\"].state=true;} else if(SR7.PMH[\"SR7_9_1\"].cn-->0)\tsetTimeout( SR7.PMH[\"SR7_9_1\"].fn,19);}};SR7.PMH[\"SR7_9_1\" ].fn();\n\t\t\t\t<\/script>\n<\/div>\n\n\t\t\t\t\t\t<\/div>\n\t\t\t\t<\/div>\n\t\t<div class=\"elementor-element elementor-element-b89413e e-con-full e-flex e-con e-child\" data-id=\"b89413e\" data-element_type=\"container\">\n\t\t\t\t<div class=\"elementor-element elementor-element-c831d68 elementor-widget__width-initial e-transform e-transform elementor-widget elementor-widget-ts-banner\" data-id=\"c831d68\" data-element_type=\"widget\" data-settings=\"{&quot;_transform_translateX_effect&quot;:{&quot;unit&quot;:&quot;px&quot;,&quot;size&quot;:&quot;136&quot;,&quot;sizes&quot;:[]},&quot;_transform_translateX_effect_mobile&quot;:{&quot;unit&quot;:&quot;px&quot;,&quot;size&quot;:&quot;0&quot;,&quot;sizes&quot;:[]},&quot;_transform_scale_effect&quot;:{&quot;unit&quot;:&quot;px&quot;,&quot;size&quot;:&quot;1&quot;,&quot;sizes&quot;:[]},&quot;_transform_translateX_effect_laptop&quot;:{&quot;unit&quot;:&quot;px&quot;,&quot;size&quot;:&quot;&quot;,&quot;sizes&quot;:[]},&quot;_transform_translateX_effect_tablet_extra&quot;:{&quot;unit&quot;:&quot;px&quot;,&quot;size&quot;:&quot;&quot;,&quot;sizes&quot;:[]},&quot;_transform_translateX_effect_tablet&quot;:{&quot;unit&quot;:&quot;px&quot;,&quot;size&quot;:&quot;&quot;,&quot;sizes&quot;:[]},&quot;_transform_translateY_effect&quot;:{&quot;unit&quot;:&quot;px&quot;,&quot;size&quot;:&quot;&quot;,&quot;sizes&quot;:[]},&quot;_transform_translateY_effect_laptop&quot;:{&quot;unit&quot;:&quot;px&quot;,&quot;size&quot;:&quot;&quot;,&quot;sizes&quot;:[]},&quot;_transform_translateY_effect_tablet_extra&quot;:{&quot;unit&quot;:&quot;px&quot;,&quot;size&quot;:&quot;&quot;,&quot;sizes&quot;:[]},&quot;_transform_translateY_effect_tablet&quot;:{&quot;unit&quot;:&quot;px&quot;,&quot;size&quot;:&quot;&quot;,&quot;sizes&quot;:[]},&quot;_transform_translateY_effect_mobile&quot;:{&quot;unit&quot;:&quot;px&quot;,&quot;size&quot;:&quot;&quot;,&quot;sizes&quot;:[]},&quot;_transform_scale_effect_laptop&quot;:{&quot;unit&quot;:&quot;px&quot;,&quot;size&quot;:&quot;&quot;,&quot;sizes&quot;:[]},&quot;_transform_scale_effect_tablet_extra&quot;:{&quot;unit&quot;:&quot;px&quot;,&quot;size&quot;:&quot;&quot;,&quot;sizes&quot;:[]},&quot;_transform_scale_effect_tablet&quot;:{&quot;unit&quot;:&quot;px&quot;,&quot;size&quot;:&quot;&quot;,&quot;sizes&quot;:[]},&quot;_transform_scale_effect_mobile&quot;:{&quot;unit&quot;:&quot;px&quot;,&quot;size&quot;:&quot;&quot;,&quot;sizes&quot;:[]}}\" data-widget_type=\"ts-banner.default\">\n\t\t\t\t<div class=\"elementor-widget-container\">\n\t\t\t\t\t\t\t<div class=\"ts-banner eff-zoom-in button-default btn-big\">\n\t\t\t<div class=\"banner-wrapper\">\n\t\t\t\n\t\t\t\t\t\t\t\t\n\t\t\t\t<div class=\"background-overlay\"><\/div>\n\t\t\t\t\n\t\t\t\t<div class=\"banner-bg\">\n\t\t\t\t<img fetchpriority=\"high\" decoding=\"async\" width=\"1024\" height=\"1024\" src=\"https:\/\/premiumshopclt.com\/wp-content\/uploads\/2025\/11\/ChatGPT-Image-Nov-20-2025-02_33_35-PM.png\" class=\"bg-image bg-image main-banner\" alt=\"\" srcset=\"https:\/\/premiumshopclt.com\/wp-content\/uploads\/2025\/11\/ChatGPT-Image-Nov-20-2025-02_33_35-PM.png 1024w, https:\/\/premiumshopclt.com\/wp-content\/uploads\/2025\/11\/ChatGPT-Image-Nov-20-2025-02_33_35-PM-300x300.png 300w, https:\/\/premiumshopclt.com\/wp-content\/uploads\/2025\/11\/ChatGPT-Image-Nov-20-2025-02_33_35-PM-150x150.png 150w, https:\/\/premiumshopclt.com\/wp-content\/uploads\/2025\/11\/ChatGPT-Image-Nov-20-2025-02_33_35-PM-768x768.png 768w, https:\/\/premiumshopclt.com\/wp-content\/uploads\/2025\/11\/ChatGPT-Image-Nov-20-2025-02_33_35-PM-46x46.png 46w, https:\/\/premiumshopclt.com\/wp-content\/uploads\/2025\/11\/ChatGPT-Image-Nov-20-2025-02_33_35-PM-700x700.png 700w, https:\/\/premiumshopclt.com\/wp-content\/uploads\/2025\/11\/ChatGPT-Image-Nov-20-2025-02_33_35-PM-100x100.png 100w, https:\/\/premiumshopclt.com\/wp-content\/uploads\/2025\/11\/ChatGPT-Image-Nov-20-2025-02_33_35-PM-40x40.png 40w\" sizes=\"(max-width: 1024px) 100vw, 1024px\" \/>\t\t\t\t<\/div>\n\t\t\t\t\t\n\t\t\t\t<div class=\"box-content\">\n\t\t\t\t\t<div class=\"content-text\">\n\t\t\t\t\t\t\t\t\t\t\t\t\n\t\t\t\t\t\t\t\t\t\t\t\t\n\t\t\t\t\t\t\t\t\t\t\t\t\n\t\t\t\t\t\t\t\t\t\t\t\t\t<div class=\"ts-banner-button\">\n\t\t\t\t\t\t\t\t<a class=\"button\" href=\"https:\/\/premiumshopclt.com\/?product=pachet-promo-4-la-pret-de-1\" target=\"_blank\" rel=\"nofollow\">\n\t\t\t\t\t\t\t\t\tCUMPARA ACUM\t\t\t\t\t\t\t\t\t\t\t\t\t\t\t\t\t<\/a>\n\t\t\t\t\t\t\t<\/div>\n\t\t\t\t\t\t\t\t\t\t\t<\/div>\n\t\t\t\t<\/div>\n\t\t\t\t\n\t\t\t<\/div>\n\t\t<\/div>\n\t\t\t\t\t\t<\/div>\n\t\t\t\t<\/div>\n\t\t\t\t<\/div>\n\t\t<div class=\"elementor-element elementor-element-374b477 e-con-full e-flex e-con e-child\" data-id=\"374b477\" data-element_type=\"container\">\n\t\t\t\t<\/div>\n\t\t\t\t\t<\/div>\n\t\t\t\t<\/div>\n\t\t<div class=\"elementor-element elementor-element-04bf1b5 iconbox-opacity-eff e-flex e-con-boxed e-con e-parent\" data-id=\"04bf1b5\" data-element_type=\"container\">\n\t\t\t\t\t<div class=\"e-con-inner\">\n\t\t<div class=\"elementor-element elementor-element-c79ebb3 e-con-full e-flex e-con e-child\" data-id=\"c79ebb3\" data-element_type=\"container\">\n\t\t\t\t<div class=\"elementor-element elementor-element-c3faa4f elementor-position-left elementor-tablet_extra-position-top elementor-view-default elementor-mobile-position-top elementor-widget elementor-widget-icon-box\" data-id=\"c3faa4f\" data-element_type=\"widget\" data-widget_type=\"icon-box.default\">\n\t\t\t\t\t\t\t<div class=\"elementor-icon-box-wrapper\">\n\n\t\t\t\t\t\t<div class=\"elementor-icon-box-icon\">\n\t\t\t\t<span  class=\"elementor-icon\">\n\t\t\t\t<i aria-hidden=\"true\" class=\"icomoon-icon icon-discount-3\"><\/i>\t\t\t\t<\/span>\n\t\t\t<\/div>\n\t\t\t\n\t\t\t\t\t\t<div class=\"elementor-icon-box-content\">\n\n\t\t\t\t\t\t\t\t\t<h6 class=\"elementor-icon-box-title\">\n\t\t\t\t\t\t<span  >\n\t\t\t\t\t\t\tLow Price Guarantee\t\t\t\t\t\t<\/span>\n\t\t\t\t\t<\/h6>\n\t\t\t\t\n\t\t\t\t\t\t\t\t\t<p class=\"elementor-icon-box-description\">\n\t\t\t\t\t\tWe offer competitive prices\t\t\t\t\t<\/p>\n\t\t\t\t\n\t\t\t<\/div>\n\t\t\t\n\t\t<\/div>\n\t\t\t\t\t\t<\/div>\n\t\t\t\t<\/div>\n\t\t<div class=\"elementor-element elementor-element-d58796f e-con-full e-flex e-con e-child\" data-id=\"d58796f\" data-element_type=\"container\">\n\t\t\t\t<div class=\"elementor-element elementor-element-0746297 elementor-position-left elementor-tablet_extra-position-top elementor-view-default elementor-mobile-position-top elementor-widget elementor-widget-icon-box\" data-id=\"0746297\" data-element_type=\"widget\" data-widget_type=\"icon-box.default\">\n\t\t\t\t\t\t\t<div class=\"elementor-icon-box-wrapper\">\n\n\t\t\t\t\t\t<div class=\"elementor-icon-box-icon\">\n\t\t\t\t<span  class=\"elementor-icon\">\n\t\t\t\t<i aria-hidden=\"true\" class=\"icomoon-icon icon-like\"><\/i>\t\t\t\t<\/span>\n\t\t\t<\/div>\n\t\t\t\n\t\t\t\t\t\t<div class=\"elementor-icon-box-content\">\n\n\t\t\t\t\t\t\t\t\t<h6 class=\"elementor-icon-box-title\">\n\t\t\t\t\t\t<span  >\n\t\t\t\t\t\t\tQuality Guarantee\t\t\t\t\t\t<\/span>\n\t\t\t\t\t<\/h6>\n\t\t\t\t\n\t\t\t\t\t\t\t\t\t<p class=\"elementor-icon-box-description\">\n\t\t\t\t\t\tWe Guarantee Our Products\t\t\t\t\t<\/p>\n\t\t\t\t\n\t\t\t<\/div>\n\t\t\t\n\t\t<\/div>\n\t\t\t\t\t\t<\/div>\n\t\t\t\t<\/div>\n\t\t\t\t\t<\/div>\n\t\t\t\t<\/div>\n\t\t<div class=\"elementor-element elementor-element-9323696 e-flex e-con-boxed e-con e-parent\" data-id=\"9323696\" data-element_type=\"container\">\n\t\t\t\t\t<div class=\"e-con-inner\">\n\t\t<div class=\"elementor-element elementor-element-0e92284 e-con-full e-flex e-con e-child\" data-id=\"0e92284\" data-element_type=\"container\" data-settings=\"{&quot;background_background&quot;:&quot;classic&quot;}\">\n\t\t\t\t<div class=\"elementor-element elementor-element-4b1e9da elementor-widget elementor-widget-text-editor\" data-id=\"4b1e9da\" data-element_type=\"widget\" data-widget_type=\"text-editor.default\">\n\t\t\t\t\t\t\t\t\t<p>Super discount for your <strong>first purchase<\/strong><\/p>\t\t\t\t\t\t\t\t<\/div>\n\t\t\t\t<div class=\"elementor-element elementor-element-367668e elementor-widget elementor-widget-ts-coupon\" data-id=\"367668e\" data-element_type=\"widget\" data-widget_type=\"ts-coupon.default\">\n\t\t\t\t<div class=\"elementor-widget-container\">\n\t\t\t\t\t\t\t<div class=\"ts-coupon-wrapper\">\n\t\t\t<div class=\"coupon-code ts-copy-button style-underline\" data-copy=\"COUPON25\">\n\t\t\t\t<span>COUPON25<\/span>\n\t\t\t\t<span class=\"copy-message\">Copied!<\/span>\n\t\t\t<\/div>\n\t\t<\/div>\n\t\t\t\t\t\t<\/div>\n\t\t\t\t<\/div>\n\t\t\t\t<div class=\"elementor-element elementor-element-a6f657b elementor-widget elementor-widget-text-editor\" data-id=\"a6f657b\" data-element_type=\"widget\" data-widget_type=\"text-editor.default\">\n\t\t\t\t\t\t\t\t\t<p>Use discount code in the checkout!<\/p>\t\t\t\t\t\t\t\t<\/div>\n\t\t\t\t<\/div>\n\t\t\t\t\t<\/div>\n\t\t\t\t<\/div>\n\t\t<div class=\"elementor-element elementor-element-5fb5260 e-flex e-con-boxed e-con e-parent\" data-id=\"5fb5260\" data-element_type=\"container\">\n\t\t\t\t\t<div class=\"e-con-inner\">\n\t\t\t\t\t<\/div>\n\t\t\t\t<\/div>\n\t\t<div class=\"elementor-element elementor-element-056172b e-flex e-con-boxed e-con e-parent\" data-id=\"056172b\" data-element_type=\"container\">\n\t\t\t\t\t<div class=\"e-con-inner\">\n\t\t\t\t<div class=\"elementor-element elementor-element-ab3730d elementor-widget elementor-widget-ts-products-in-category-tabs\" data-id=\"ab3730d\" data-element_type=\"widget\" data-widget_type=\"ts-products-in-category-tabs.default\">\n\t\t\t\t<div class=\"elementor-widget-container\">\n\t\t\t\t\t\t\t\t<div class=\"ts-elementor-lazy-load type-product-tabs\">\n\t\t\t\t\t\t\t<div class=\"placeholder-widget-title\"><\/div>\n\t\t\t\t\t\t\t\t<div class=\"placeholder-tabs\">\n\t\t\t\t\t<div class=\"placeholder-tab-item\"><\/div>\n\t\t\t\t\t<div class=\"placeholder-tab-item\"><\/div>\n\t\t\t\t<\/div>\n\t\t\t\t\t\t\t\t\n\t\t\t\t<div class=\"placeholder-items columns-3 list\" style=\"--lazy-cols: 3\">\n\t\t\t\t\t\t\t\t\t<div class=\"placeholder-item\">\n\t\t\t\t\t\t<div class=\"placeholder-thumb\"><\/div>\n\t\t\t\t\t\t\t\t\t\t\t\t\t<div class=\"placeholder-title\"><\/div>\n\t\t\t\t\t\t\t\t\t\t\t\t\t\t\t<div class=\"placeholder-subtitle\"><\/div>\n\t\t\t\t\t\t\t\t\t\t\t\t\t\t\t\t\t\t<\/div>\n\t\t\t\t\t\t\t\t\t<div class=\"placeholder-item\">\n\t\t\t\t\t\t<div class=\"placeholder-thumb\"><\/div>\n\t\t\t\t\t\t\t\t\t\t\t\t\t<div class=\"placeholder-title\"><\/div>\n\t\t\t\t\t\t\t\t\t\t\t\t\t\t\t<div class=\"placeholder-subtitle\"><\/div>\n\t\t\t\t\t\t\t\t\t\t\t\t\t\t\t\t\t\t<\/div>\n\t\t\t\t\t\t\t\t\t<div class=\"placeholder-item\">\n\t\t\t\t\t\t<div class=\"placeholder-thumb\"><\/div>\n\t\t\t\t\t\t\t\t\t\t\t\t\t<div class=\"placeholder-title\"><\/div>\n\t\t\t\t\t\t\t\t\t\t\t\t\t\t\t<div class=\"placeholder-subtitle\"><\/div>\n\t\t\t\t\t\t\t\t\t\t\t\t\t\t\t\t\t\t<\/div>\n\t\t\t\t\t\t\t\t\t<div class=\"placeholder-item\">\n\t\t\t\t\t\t<div class=\"placeholder-thumb\"><\/div>\n\t\t\t\t\t\t\t\t\t\t\t\t\t<div class=\"placeholder-title\"><\/div>\n\t\t\t\t\t\t\t\t\t\t\t\t\t\t\t<div class=\"placeholder-subtitle\"><\/div>\n\t\t\t\t\t\t\t\t\t\t\t\t\t\t\t\t\t\t<\/div>\n\t\t\t\t\t\t\t\t\t<div class=\"placeholder-item\">\n\t\t\t\t\t\t<div class=\"placeholder-thumb\"><\/div>\n\t\t\t\t\t\t\t\t\t\t\t\t\t<div class=\"placeholder-title\"><\/div>\n\t\t\t\t\t\t\t\t\t\t\t\t\t\t\t<div class=\"placeholder-subtitle\"><\/div>\n\t\t\t\t\t\t\t\t\t\t\t\t\t\t\t\t\t\t<\/div>\n\t\t\t\t\t\t\t\t\t<div class=\"placeholder-item\">\n\t\t\t\t\t\t<div class=\"placeholder-thumb\"><\/div>\n\t\t\t\t\t\t\t\t\t\t\t\t\t<div class=\"placeholder-title\"><\/div>\n\t\t\t\t\t\t\t\t\t\t\t\t\t\t\t<div class=\"placeholder-subtitle\"><\/div>\n\t\t\t\t\t\t\t\t\t\t\t\t\t\t\t\t\t\t<\/div>\n\t\t\t\t\t\t\t\t<\/div>\n\t\t\t<\/div>\n\t\t\t\t\t\t\t<\/div>\n\t\t\t\t<\/div>\n\t\t\t\t\t<\/div>\n\t\t\t\t<\/div>\n\t\t<div class=\"elementor-element elementor-element-012a30a e-flex e-con-boxed e-con e-parent\" data-id=\"012a30a\" data-element_type=\"container\">\n\t\t\t\t\t<div class=\"e-con-inner\">\n\t\t\t\t\t<\/div>\n\t\t\t\t<\/div>\n\t\t<div class=\"elementor-element elementor-element-3f5b063 e-flex e-con-boxed e-con e-parent\" data-id=\"3f5b063\" data-element_type=\"container\">\n\t\t\t\t\t<div class=\"e-con-inner\">\n\t\t\t\t<div class=\"elementor-element elementor-element-a9ccd03 elementor-widget elementor-widget-ts-products\" data-id=\"a9ccd03\" data-element_type=\"widget\" data-widget_type=\"ts-products.default\">\n\t\t\t\t<div class=\"elementor-widget-container\">\n\t\t\t\t\t\t\t\t<div class=\"ts-elementor-lazy-load type-product\">\n\t\t\t\t\t\t\t<div class=\"placeholder-widget-title\"><\/div>\n\t\t\t\t\t\t\t\t\n\t\t\t\t<div class=\"placeholder-items columns-5 is-slider grid\" style=\"--lazy-cols: 5\">\n\t\t\t\t\t\t\t\t\t<div class=\"placeholder-item\">\n\t\t\t\t\t\t<div class=\"placeholder-thumb\"><\/div>\n\t\t\t\t\t\t\t\t\t\t\t\t\t<div class=\"placeholder-title\"><\/div>\n\t\t\t\t\t\t\t\t\t\t\t\t\t\t\t<div class=\"placeholder-subtitle\"><\/div>\n\t\t\t\t\t\t\t\t\t\t\t\t\t\t\t\t\t\t<\/div>\n\t\t\t\t\t\t\t\t\t<div class=\"placeholder-item\">\n\t\t\t\t\t\t<div class=\"placeholder-thumb\"><\/div>\n\t\t\t\t\t\t\t\t\t\t\t\t\t<div class=\"placeholder-title\"><\/div>\n\t\t\t\t\t\t\t\t\t\t\t\t\t\t\t<div class=\"placeholder-subtitle\"><\/div>\n\t\t\t\t\t\t\t\t\t\t\t\t\t\t\t\t\t\t<\/div>\n\t\t\t\t\t\t\t\t\t<div class=\"placeholder-item\">\n\t\t\t\t\t\t<div class=\"placeholder-thumb\"><\/div>\n\t\t\t\t\t\t\t\t\t\t\t\t\t<div class=\"placeholder-title\"><\/div>\n\t\t\t\t\t\t\t\t\t\t\t\t\t\t\t<div class=\"placeholder-subtitle\"><\/div>\n\t\t\t\t\t\t\t\t\t\t\t\t\t\t\t\t\t\t<\/div>\n\t\t\t\t\t\t\t\t\t<div class=\"placeholder-item\">\n\t\t\t\t\t\t<div class=\"placeholder-thumb\"><\/div>\n\t\t\t\t\t\t\t\t\t\t\t\t\t<div class=\"placeholder-title\"><\/div>\n\t\t\t\t\t\t\t\t\t\t\t\t\t\t\t<div class=\"placeholder-subtitle\"><\/div>\n\t\t\t\t\t\t\t\t\t\t\t\t\t\t\t\t\t\t<\/div>\n\t\t\t\t\t\t\t\t\t<div class=\"placeholder-item\">\n\t\t\t\t\t\t<div class=\"placeholder-thumb\"><\/div>\n\t\t\t\t\t\t\t\t\t\t\t\t\t<div class=\"placeholder-title\"><\/div>\n\t\t\t\t\t\t\t\t\t\t\t\t\t\t\t<div class=\"placeholder-subtitle\"><\/div>\n\t\t\t\t\t\t\t\t\t\t\t\t\t\t\t\t\t\t<\/div>\n\t\t\t\t\t\t\t\t<\/div>\n\t\t\t<\/div>\n\t\t\t\t\t\t\t<\/div>\n\t\t\t\t<\/div>\n\t\t\t\t\t<\/div>\n\t\t\t\t<\/div>\n\t\t<div class=\"elementor-element elementor-element-02a653d e-flex e-con-boxed e-con e-parent\" data-id=\"02a653d\" data-element_type=\"container\">\n\t\t\t\t\t<div class=\"e-con-inner\">\n\t\t\t\t\t<\/div>\n\t\t\t\t<\/div>\n\t\t\t\t<\/div>\n\t\t","protected":false},"excerpt":{"rendered":"<p>$ 29 CUMPARA ACUM Low Price Guarantee We offer competitive prices Quality Guarantee We Guarantee Our Products Super discount for your first purchase COUPON25 Copied! Use discount code in the checkout! New arrivals See All Products Wishlist Compare Quick ViewCite\u0219te mai mult Pachet Promo 4 la pret de 1 Evaluat la 0 din 5 (0 [&hellip;]<\/p>\n","protected":false},"author":1,"featured_media":0,"parent":0,"menu_order":0,"comment_status":"closed","ping_status":"closed","template":"","meta":{"footnotes":""},"class_list":["post-1023","page","type-page","status-publish","hentry"],"brizy_media":[],"_links":{"self":[{"href":"https:\/\/premiumshopclt.com\/index.php?rest_route=\/wp\/v2\/pages\/1023","targetHints":{"allow":["GET"]}}],"collection":[{"href":"https:\/\/premiumshopclt.com\/index.php?rest_route=\/wp\/v2\/pages"}],"about":[{"href":"https:\/\/premiumshopclt.com\/index.php?rest_route=\/wp\/v2\/types\/page"}],"author":[{"embeddable":true,"href":"https:\/\/premiumshopclt.com\/index.php?rest_route=\/wp\/v2\/users\/1"}],"replies":[{"embeddable":true,"href":"https:\/\/premiumshopclt.com\/index.php?rest_route=%2Fwp%2Fv2%2Fcomments&post=1023"}],"version-history":[{"count":5,"href":"https:\/\/premiumshopclt.com\/index.php?rest_route=\/wp\/v2\/pages\/1023\/revisions"}],"predecessor-version":[{"id":10687,"href":"https:\/\/premiumshopclt.com\/index.php?rest_route=\/wp\/v2\/pages\/1023\/revisions\/10687"}],"wp:attachment":[{"href":"https:\/\/premiumshopclt.com\/index.php?rest_route=%2Fwp%2Fv2%2Fmedia&parent=1023"}],"curies":[{"name":"wp","href":"https:\/\/api.w.org\/{rel}","templated":true}]}}