{"id":10377,"date":"2021-01-17T05:07:15","date_gmt":"2021-01-17T05:07:15","guid":{"rendered":"https:\/\/premiumshopclt.com\/?page_id=9"},"modified":"2021-01-17T05:07:15","modified_gmt":"2021-01-17T05:07:15","slug":"my-account-2","status":"publish","type":"page","link":"https:\/\/premiumshopclt.com\/?page_id=10377","title":{"rendered":"My Account"},"content":{"rendered":"<div class=\"woocommerce\"><div class=\"woocommerce-notices-wrapper\"><\/div>\n\n<div class=\"u-columns col2-set\" id=\"customer_login\">\n\n\t<div class=\"u-column1 col-1\">\n\n\n\t\t<h2>Autentificare<\/h2>\n\n\t\t<form class=\"woocommerce-form woocommerce-form-login login\" method=\"post\" novalidate>\n\n\t\t\t\n\t\t\t<p class=\"woocommerce-form-row woocommerce-form-row--wide form-row form-row-wide\">\n\t\t\t\t<label for=\"username\">Nume utilizator sau adres\u0103 email&nbsp;<span class=\"required\" aria-hidden=\"true\">*<\/span><span class=\"screen-reader-text\">Obligatoriu<\/span><\/label>\n\t\t\t\t<input type=\"text\" class=\"woocommerce-Input woocommerce-Input--text input-text\" name=\"username\" id=\"username\" autocomplete=\"username\" value=\"\" required aria-required=\"true\" \/>\t\t\t<\/p>\n\t\t\t<p class=\"woocommerce-form-row woocommerce-form-row--wide form-row form-row-wide\">\n\t\t\t\t<label for=\"password\">Parol\u0103&nbsp;<span class=\"required\" aria-hidden=\"true\">*<\/span><span class=\"screen-reader-text\">Obligatoriu<\/span><\/label>\n\t\t\t\t<input class=\"woocommerce-Input woocommerce-Input--text input-text\" type=\"password\" name=\"password\" id=\"password\" autocomplete=\"current-password\" required aria-required=\"true\" \/>\n\t\t\t<\/p>\n\n\t\t\t\n\t\t\t<p class=\"form-row\">\n\t\t\t\t<label class=\"woocommerce-form__label woocommerce-form__label-for-checkbox woocommerce-form-login__rememberme\">\n\t\t\t\t\t<input class=\"woocommerce-form__input woocommerce-form__input-checkbox\" name=\"rememberme\" type=\"checkbox\" id=\"rememberme\" value=\"forever\" \/> <span>\u021aine-m\u0103 minte<\/span>\n\t\t\t\t<\/label>\n\t\t\t\t<input type=\"hidden\" id=\"woocommerce-login-nonce\" name=\"woocommerce-login-nonce\" value=\"8fd5e713c7\" \/><input type=\"hidden\" name=\"_wp_http_referer\" value=\"\/index.php?rest_route=%2Fwp%2Fv2%2Fpages%2F10377\" \/>\t\t\t\t<button type=\"submit\" class=\"woocommerce-button button woocommerce-form-login__submit\" name=\"login\" value=\"Autentificare\">Autentificare<\/button>\n\t\t\t<\/p>\n\t\t\t<p class=\"woocommerce-LostPassword lost_password\">\n\t\t\t\t<a href=\"https:\/\/premiumshopclt.com\/?page_id=10377&#038;lost-password\">Ai uitat parola?<\/a>\n\t\t\t<\/p>\n\n\t\t\t\n\t\t<\/form>\n\n\n\t<\/div>\n\n\t<div class=\"u-column2 col-2\">\n\n\t\t<h2>\u00cenregistrare<\/h2>\n\n\t\t<form method=\"post\" class=\"woocommerce-form woocommerce-form-register register\"  >\n\n\t\t\t\n\t\t\t\n\t\t\t<p class=\"woocommerce-form-row woocommerce-form-row--wide form-row form-row-wide\">\n\t\t\t\t<label for=\"reg_email\">Adres\u0103 email&nbsp;<span class=\"required\" aria-hidden=\"true\">*<\/span><span class=\"screen-reader-text\">Obligatoriu<\/span><\/label>\n\t\t\t\t<input type=\"email\" class=\"woocommerce-Input woocommerce-Input--text input-text\" name=\"email\" id=\"reg_email\" autocomplete=\"email\" value=\"\" required aria-required=\"true\" \/>\t\t\t<\/p>\n\n\t\t\t\n\t\t\t\t<p>Va fi trimis\u0103 o leg\u0103tur\u0103 la adresa ta de email pentru a seta o parol\u0103 nou\u0103.<\/p>\n\n\t\t\t\n\t\t\t<p class=\"form-row form-row-wide mailchimp-newsletter\"><label for=\"mailchimp_woocommerce_newsletter\" class=\"woocommerce-form__label woocommerce-form__label-for-checkbox inline\"><input class=\"woocommerce-form__input woocommerce-form__input-checkbox input-checkbox\" id=\"mailchimp_woocommerce_newsletter\" type=\"checkbox\" name=\"mailchimp_woocommerce_newsletter\" value=\"1\" checked=\"checked\"> <span>Subscribe to our newsletter<\/span><\/label><\/p><div class=\"clear\"><\/div><wc-order-attribution-inputs><\/wc-order-attribution-inputs><div class=\"woocommerce-privacy-policy-text\"><\/div>\n\t\t\t<p class=\"woocommerce-form-row form-row\">\n\t\t\t\t<input type=\"hidden\" id=\"woocommerce-register-nonce\" name=\"woocommerce-register-nonce\" value=\"7534c82641\" \/><input type=\"hidden\" name=\"_wp_http_referer\" value=\"\/index.php?rest_route=%2Fwp%2Fv2%2Fpages%2F10377\" \/>\t\t\t\t<button type=\"submit\" class=\"woocommerce-Button woocommerce-button button woocommerce-form-register__submit\" name=\"register\" value=\"\u00cenregistrare\">\u00cenregistrare<\/button>\n\t\t\t<\/p>\n\n\t\t\t\n\t\t<\/form>\n\n\t<\/div>\n\n<\/div>\n\n<\/div>\n","protected":false},"excerpt":{"rendered":"","protected":false},"author":1,"featured_media":0,"parent":0,"menu_order":0,"comment_status":"closed","ping_status":"closed","template":"","meta":{"footnotes":""},"class_list":["post-10377","page","type-page","status-publish","hentry"],"brizy_media":[],"_links":{"self":[{"href":"https:\/\/premiumshopclt.com\/index.php?rest_route=\/wp\/v2\/pages\/10377","targetHints":{"allow":["GET"]}}],"collection":[{"href":"https:\/\/premiumshopclt.com\/index.php?rest_route=\/wp\/v2\/pages"}],"about":[{"href":"https:\/\/premiumshopclt.com\/index.php?rest_route=\/wp\/v2\/types\/page"}],"author":[{"embeddable":true,"href":"https:\/\/premiumshopclt.com\/index.php?rest_route=\/wp\/v2\/users\/1"}],"replies":[{"embeddable":true,"href":"https:\/\/premiumshopclt.com\/index.php?rest_route=%2Fwp%2Fv2%2Fcomments&post=10377"}],"version-history":[{"count":0,"href":"https:\/\/premiumshopclt.com\/index.php?rest_route=\/wp\/v2\/pages\/10377\/revisions"}],"wp:attachment":[{"href":"https:\/\/premiumshopclt.com\/index.php?rest_route=%2Fwp%2Fv2%2Fmedia&parent=10377"}],"curies":[{"name":"wp","href":"https:\/\/api.w.org\/{rel}","templated":true}]}}