{"id":479,"date":"2021-03-01T11:31:28","date_gmt":"2021-03-01T04:31:28","guid":{"rendered":"https:\/\/premiumshopclt.com\/?page_id=479"},"modified":"2021-03-01T11:31:28","modified_gmt":"2021-03-01T04:31:28","slug":"order-tracking","status":"publish","type":"page","link":"https:\/\/premiumshopclt.com\/?page_id=479","title":{"rendered":"Track Order"},"content":{"rendered":"<div class=\"woocommerce\">\n<form action=\"https:\/\/premiumshopclt.com\/?page_id=479\" method=\"post\" class=\"woocommerce-form woocommerce-form-track-order track_order\">\n\n\t\n\t<p>Pentru a urm\u0103ri comanda, te rog s\u0103 introduci ID-ul comenzii \u00een caseta de mai jos \u0219i apoi s\u0103 ape\u0219i pe butonul \u201eUrm\u0103re\u0219te\u201d. ID-ul comenzii \u00eel g\u0103se\u0219ti pe chitan\u021b\u0103 \u0219i \u00een emailul de confirmare pe care l-ai primit.<\/p>\n\n\t<p class=\"form-row form-row-first\"><label for=\"orderid\">ID comand\u0103<\/label> <input class=\"input-text\" type=\"text\" name=\"orderid\" id=\"orderid\" value=\"\" placeholder=\"Se afl\u0103 \u00een emailul de confirmare a comenzii.\" \/><\/p>\t<p class=\"form-row form-row-last\"><label for=\"order_email\">Email facturare<\/label> <input class=\"input-text\" type=\"text\" name=\"order_email\" id=\"order_email\" value=\"\" placeholder=\"Emailul pe care l-ai folosit \u00een timpul finaliz\u0103rii.\" \/><\/p>\t<div class=\"clear\"><\/div>\n\n\t\n\t<p class=\"form-row\"><button type=\"submit\" class=\"button\" name=\"track\" value=\"Urm\u0103re\u0219te\">Urm\u0103re\u0219te<\/button><\/p>\n\t<input type=\"hidden\" id=\"woocommerce-order-tracking-nonce\" name=\"woocommerce-order-tracking-nonce\" value=\"8f7a07cc9f\" \/><input type=\"hidden\" name=\"_wp_http_referer\" value=\"\/index.php?rest_route=%2Fwp%2Fv2%2Fpages%2F479\" \/>\n\t\n<\/form>\n<\/div>\n","protected":false},"excerpt":{"rendered":"","protected":false},"author":1,"featured_media":0,"parent":0,"menu_order":0,"comment_status":"closed","ping_status":"closed","template":"","meta":{"footnotes":""},"class_list":["post-479","page","type-page","status-publish","hentry"],"brizy_media":[],"_links":{"self":[{"href":"https:\/\/premiumshopclt.com\/index.php?rest_route=\/wp\/v2\/pages\/479","targetHints":{"allow":["GET"]}}],"collection":[{"href":"https:\/\/premiumshopclt.com\/index.php?rest_route=\/wp\/v2\/pages"}],"about":[{"href":"https:\/\/premiumshopclt.com\/index.php?rest_route=\/wp\/v2\/types\/page"}],"author":[{"embeddable":true,"href":"https:\/\/premiumshopclt.com\/index.php?rest_route=\/wp\/v2\/users\/1"}],"replies":[{"embeddable":true,"href":"https:\/\/premiumshopclt.com\/index.php?rest_route=%2Fwp%2Fv2%2Fcomments&post=479"}],"version-history":[{"count":0,"href":"https:\/\/premiumshopclt.com\/index.php?rest_route=\/wp\/v2\/pages\/479\/revisions"}],"wp:attachment":[{"href":"https:\/\/premiumshopclt.com\/index.php?rest_route=%2Fwp%2Fv2%2Fmedia&parent=479"}],"curies":[{"name":"wp","href":"https:\/\/api.w.org\/{rel}","templated":true}]}}