{"id":10491,"date":"2025-11-07T15:07:43","date_gmt":"2025-11-07T12:07:43","guid":{"rendered":"https:\/\/premiumshopclt.com\/?post_type=product&#038;p=10491"},"modified":"2025-11-20T15:11:17","modified_gmt":"2025-11-20T12:11:17","slug":"trusa-chei-tubulare-40-piese-cu-clichet","status":"publish","type":"product","link":"https:\/\/premiumshopclt.com\/?product=trusa-chei-tubulare-40-piese-cu-clichet","title":{"rendered":"Trus\u0103 chei tubulare 40 piese cu clichet"},"content":{"rendered":"<h3 data-start=\"180\" data-end=\"254\">Trus\u0103 chei tubulare 40 piese \u2013 Clichet reversibil, o\u021bel crom-vanadiu<\/h3>\n<p data-start=\"255\" data-end=\"550\">Fii preg\u0103tit pentru orice repara\u021bie! Aceast\u0103 <strong data-start=\"300\" data-end=\"339\">trus\u0103 profesional\u0103 de chei tubulare<\/strong> con\u021bine toate dimensiunile esen\u021biale pentru lucr\u0103ri auto, industriale sau casnice. Fabricat\u0103 din <strong data-start=\"437\" data-end=\"477\">o\u021bel crom-vanadiu de \u00eenalt\u0103 calitate<\/strong>, ofer\u0103 rezisten\u021b\u0103 excelent\u0103 la uzur\u0103 \u0219i o durat\u0103 de via\u021b\u0103 \u00eendelungat\u0103.<\/p>\n<p data-start=\"552\" data-end=\"730\">Clichetul reversibil cu maner ergonomic asigur\u0103 <strong data-start=\"600\" data-end=\"638\">manevrabilitate u\u0219oar\u0103 \u0219i precizie<\/strong>, iar cutia metalic\u0103 compact\u0103 permite depozitarea sigur\u0103 \u0219i organizat\u0103 a tuturor pieselor.<\/p>\n<p><img fetchpriority=\"high\" decoding=\"async\" class=\"alignnone size-medium wp-image-10494\" src=\"https:\/\/premiumshopclt.com\/wp-content\/uploads\/2025\/11\/WhatsApp-Image-2025-11-07-at-13.47.14-1-200x300.jpeg\" alt=\"\" width=\"200\" height=\"300\" srcset=\"https:\/\/premiumshopclt.com\/wp-content\/uploads\/2025\/11\/WhatsApp-Image-2025-11-07-at-13.47.14-1-200x300.jpeg 200w, https:\/\/premiumshopclt.com\/wp-content\/uploads\/2025\/11\/WhatsApp-Image-2025-11-07-at-13.47.14-1-683x1024.jpeg 683w, https:\/\/premiumshopclt.com\/wp-content\/uploads\/2025\/11\/WhatsApp-Image-2025-11-07-at-13.47.14-1-768x1152.jpeg 768w, https:\/\/premiumshopclt.com\/wp-content\/uploads\/2025\/11\/WhatsApp-Image-2025-11-07-at-13.47.14-1-700x1050.jpeg 700w, https:\/\/premiumshopclt.com\/wp-content\/uploads\/2025\/11\/WhatsApp-Image-2025-11-07-at-13.47.14-1.jpeg 1024w\" sizes=\"(max-width: 200px) 100vw, 200px\" \/><\/p>\n<h4 data-start=\"737\" data-end=\"764\"><strong data-start=\"742\" data-end=\"764\">Con\u021binutul trusei:<\/strong><\/h4>\n<ul data-start=\"765\" data-end=\"1189\">\n<li data-start=\"765\" data-end=\"804\">\n<p data-start=\"767\" data-end=\"804\">1\u00d7 Clichet reversibil 3\/8&#8243; cu m\u00e2ner<\/p>\n<\/li>\n<li data-start=\"805\" data-end=\"851\">\n<p data-start=\"807\" data-end=\"851\">14\u00d7 Chei tubulare 1\/4&#8243; DR. metric: 4\u201313 mm<\/p>\n<\/li>\n<li data-start=\"852\" data-end=\"898\">\n<p data-start=\"854\" data-end=\"898\">14\u00d7 Chei tubulare 1\/4&#8243; DR. SAE: 5\/32\u201317\/32<\/p>\n<\/li>\n<li data-start=\"899\" data-end=\"952\">\n<p data-start=\"901\" data-end=\"952\">3\u00d7 Chei tubulare 1\/4&#8243; DR. SAE 8PT: 1\/4, 5\/16, 3\/8<\/p>\n<\/li>\n<li data-start=\"953\" data-end=\"990\">\n<p data-start=\"955\" data-end=\"990\">3\u00d7 Bare prelungitoare 3\/8&#8243; DR. x3<\/p>\n<\/li>\n<li data-start=\"991\" data-end=\"1017\">\n<p data-start=\"993\" data-end=\"1017\">1\u00d7 Adaptor 1\/4&#8243; \u2192 3\/8&#8243;<\/p>\n<\/li>\n<li data-start=\"1018\" data-end=\"1042\">\n<p data-start=\"1020\" data-end=\"1042\">1\u00d7 Spinner handle 6&#8243;<\/p>\n<\/li>\n<li data-start=\"1043\" data-end=\"1078\">\n<p data-start=\"1045\" data-end=\"1078\">1\u00d7 Cheie bujie 3\/8&#8243; DR. x 21 mm<\/p>\n<\/li>\n<li data-start=\"1079\" data-end=\"1116\">\n<p data-start=\"1081\" data-end=\"1116\">1\u00d7 Cheie metric\u0103 3\/8&#8243; DR. x 15 mm<\/p>\n<\/li>\n<li data-start=\"1117\" data-end=\"1148\">\n<p data-start=\"1119\" data-end=\"1148\">1\u00d7 Cheie SAE 3\/8&#8243; DR. x 5\/8<\/p>\n<\/li>\n<li data-start=\"1149\" data-end=\"1162\">\n<p data-start=\"1151\" data-end=\"1162\">1\u00d7 Sleeve<\/p>\n<\/li>\n<li data-start=\"1163\" data-end=\"1189\">\n<p data-start=\"1165\" data-end=\"1189\">1\u00d7 Cutie de depozitare<\/p>\n<\/li>\n<\/ul>\n","protected":false},"excerpt":{"rendered":"<p>Trus\u0103 chei tubulare 40 piese \u2013 Clichet reversibil, o\u021bel crom-vanadiu Fii preg\u0103tit pentru orice repara\u021bie! Aceast\u0103 trus\u0103 profesional\u0103 de chei tubulare con\u021bine toate dimensiunile esen\u021biale pentru lucr\u0103ri auto, industriale sau casnice. Fabricat\u0103 din o\u021bel crom-vanadiu de \u00eenalt\u0103 calitate, ofer\u0103 rezisten\u021b\u0103 excelent\u0103 la uzur\u0103 \u0219i o durat\u0103 de via\u021b\u0103 \u00eendelungat\u0103. Clichetul reversibil cu maner ergonomic asigur\u0103 [&hellip;]<\/p>\n","protected":false},"featured_media":10494,"comment_status":"open","ping_status":"closed","template":"","meta":[],"product_brand":[],"product_cat":[298],"product_tag":[],"class_list":{"0":"post-10491","1":"product","2":"type-product","3":"status-publish","4":"has-post-thumbnail","6":"product_cat-casa-si-auto","8":"first","9":"instock","10":"sale","11":"shipping-taxable","12":"purchasable","13":"product-type-simple"},"_links":{"self":[{"href":"https:\/\/premiumshopclt.com\/index.php?rest_route=\/wp\/v2\/product\/10491","targetHints":{"allow":["GET"]}}],"collection":[{"href":"https:\/\/premiumshopclt.com\/index.php?rest_route=\/wp\/v2\/product"}],"about":[{"href":"https:\/\/premiumshopclt.com\/index.php?rest_route=\/wp\/v2\/types\/product"}],"replies":[{"embeddable":true,"href":"https:\/\/premiumshopclt.com\/index.php?rest_route=%2Fwp%2Fv2%2Fcomments&post=10491"}],"wp:featuredmedia":[{"embeddable":true,"href":"https:\/\/premiumshopclt.com\/index.php?rest_route=\/wp\/v2\/media\/10494"}],"wp:attachment":[{"href":"https:\/\/premiumshopclt.com\/index.php?rest_route=%2Fwp%2Fv2%2Fmedia&parent=10491"}],"wp:term":[{"taxonomy":"product_brand","embeddable":true,"href":"https:\/\/premiumshopclt.com\/index.php?rest_route=%2Fwp%2Fv2%2Fproduct_brand&post=10491"},{"taxonomy":"product_cat","embeddable":true,"href":"https:\/\/premiumshopclt.com\/index.php?rest_route=%2Fwp%2Fv2%2Fproduct_cat&post=10491"},{"taxonomy":"product_tag","embeddable":true,"href":"https:\/\/premiumshopclt.com\/index.php?rest_route=%2Fwp%2Fv2%2Fproduct_tag&post=10491"}],"curies":[{"name":"wp","href":"https:\/\/api.w.org\/{rel}","templated":true}]}}