{"id":10498,"date":"2025-11-07T15:17:15","date_gmt":"2025-11-07T12:17:15","guid":{"rendered":"https:\/\/premiumshopclt.com\/?post_type=product&#038;p=10498"},"modified":"2025-11-20T15:11:10","modified_gmt":"2025-11-20T12:11:10","slug":"aspirator-auto-portabil-cu-incarcare-usb","status":"publish","type":"product","link":"https:\/\/premiumshopclt.com\/?product=aspirator-auto-portabil-cu-incarcare-usb","title":{"rendered":"Aspirator auto portabil cu \u00eenc\u0103rcare USB"},"content":{"rendered":"<h3 data-start=\"286\" data-end=\"355\">Aspirator Auto Portabil \u2013 Compact, Puternic \u0219i U\u0219or de Utilizat<\/h3>\n<p data-start=\"357\" data-end=\"717\">Acest <strong data-start=\"363\" data-end=\"385\">aspirator portabil<\/strong> este un instrument esen\u021bial \u00een orice gospod\u0103rie sau autoturism, ideal pentru a cur\u0103\u021ba rapid \u0219i eficient diverse suprafe\u021be \u2013 de la podele, tapi\u021berii \u0219i scaune auto, p\u00e2n\u0103 la col\u021buri greu accesibile.<br data-start=\"582\" data-end=\"585\" \/>Designul s\u0103u <strong data-start=\"598\" data-end=\"621\">ergonomic \u0219i robust<\/strong> asigur\u0103 o utilizare confortabil\u0103, iar dimensiunile compacte \u00eel fac u\u0219or de depozitat oriunde.<\/p>\n<p data-start=\"719\" data-end=\"891\">Perfect pentru <strong data-start=\"734\" data-end=\"757\">utilizare personal\u0103<\/strong> sau <strong data-start=\"762\" data-end=\"775\">rev\u00e2nzare<\/strong>, acest model este potrivit pentru supermarketuri, magazine de menaj, magazine auto \u0219i distribuitori specializa\u021bi.<\/p>\n<p><img fetchpriority=\"high\" decoding=\"async\" class=\"alignnone size-medium wp-image-10501\" src=\"https:\/\/premiumshopclt.com\/wp-content\/uploads\/2025\/11\/WhatsApp-Image-2025-11-07-at-14.20.25-1-300x300.jpeg\" alt=\"\" width=\"300\" height=\"300\" srcset=\"https:\/\/premiumshopclt.com\/wp-content\/uploads\/2025\/11\/WhatsApp-Image-2025-11-07-at-14.20.25-1-300x300.jpeg 300w, https:\/\/premiumshopclt.com\/wp-content\/uploads\/2025\/11\/WhatsApp-Image-2025-11-07-at-14.20.25-1-150x150.jpeg 150w, https:\/\/premiumshopclt.com\/wp-content\/uploads\/2025\/11\/WhatsApp-Image-2025-11-07-at-14.20.25-1-768x768.jpeg 768w, https:\/\/premiumshopclt.com\/wp-content\/uploads\/2025\/11\/WhatsApp-Image-2025-11-07-at-14.20.25-1-46x46.jpeg 46w, https:\/\/premiumshopclt.com\/wp-content\/uploads\/2025\/11\/WhatsApp-Image-2025-11-07-at-14.20.25-1-700x700.jpeg 700w, https:\/\/premiumshopclt.com\/wp-content\/uploads\/2025\/11\/WhatsApp-Image-2025-11-07-at-14.20.25-1-100x100.jpeg 100w, https:\/\/premiumshopclt.com\/wp-content\/uploads\/2025\/11\/WhatsApp-Image-2025-11-07-at-14.20.25-1-40x40.jpeg 40w, https:\/\/premiumshopclt.com\/wp-content\/uploads\/2025\/11\/WhatsApp-Image-2025-11-07-at-14.20.25-1.jpeg 1024w\" sizes=\"(max-width: 300px) 100vw, 300px\" \/> <img decoding=\"async\" class=\"alignnone size-medium wp-image-10502\" src=\"https:\/\/premiumshopclt.com\/wp-content\/uploads\/2025\/11\/WhatsApp-Image-2025-11-07-at-14.20.24-1-300x300.jpeg\" alt=\"\" width=\"300\" height=\"300\" srcset=\"https:\/\/premiumshopclt.com\/wp-content\/uploads\/2025\/11\/WhatsApp-Image-2025-11-07-at-14.20.24-1-300x300.jpeg 300w, https:\/\/premiumshopclt.com\/wp-content\/uploads\/2025\/11\/WhatsApp-Image-2025-11-07-at-14.20.24-1-150x150.jpeg 150w, https:\/\/premiumshopclt.com\/wp-content\/uploads\/2025\/11\/WhatsApp-Image-2025-11-07-at-14.20.24-1-768x768.jpeg 768w, https:\/\/premiumshopclt.com\/wp-content\/uploads\/2025\/11\/WhatsApp-Image-2025-11-07-at-14.20.24-1-46x46.jpeg 46w, https:\/\/premiumshopclt.com\/wp-content\/uploads\/2025\/11\/WhatsApp-Image-2025-11-07-at-14.20.24-1-700x700.jpeg 700w, https:\/\/premiumshopclt.com\/wp-content\/uploads\/2025\/11\/WhatsApp-Image-2025-11-07-at-14.20.24-1-100x100.jpeg 100w, https:\/\/premiumshopclt.com\/wp-content\/uploads\/2025\/11\/WhatsApp-Image-2025-11-07-at-14.20.24-1-40x40.jpeg 40w, https:\/\/premiumshopclt.com\/wp-content\/uploads\/2025\/11\/WhatsApp-Image-2025-11-07-at-14.20.24-1.jpeg 800w\" sizes=\"(max-width: 300px) 100vw, 300px\" \/><\/p>\n<h4 data-start=\"898\" data-end=\"925\">\ud83e\uddf9 <strong data-start=\"906\" data-end=\"925\">Detalii produs:<\/strong><\/h4>\n<ul data-start=\"926\" data-end=\"1272\">\n<li data-start=\"926\" data-end=\"984\">\n<p data-start=\"928\" data-end=\"984\"><strong data-start=\"928\" data-end=\"948\">Design ergonomic<\/strong> \u2013 prindere sigur\u0103 \u0219i confortabil\u0103<\/p>\n<\/li>\n<li data-start=\"985\" data-end=\"1061\">\n<p data-start=\"987\" data-end=\"1061\"><strong data-start=\"987\" data-end=\"1007\">Material durabil<\/strong> \u2013 construc\u021bie solid\u0103 pentru o utilizare \u00eendelungat\u0103<\/p>\n<\/li>\n<li data-start=\"1062\" data-end=\"1124\">\n<p data-start=\"1064\" data-end=\"1124\"><strong data-start=\"1064\" data-end=\"1083\">U\u0219or de cur\u0103\u021bat<\/strong> \u2013 filtru lavabil \u0219i \u00eentre\u021binere simpl\u0103<\/p>\n<\/li>\n<li data-start=\"1125\" data-end=\"1199\">\n<p data-start=\"1127\" data-end=\"1199\"><strong data-start=\"1127\" data-end=\"1150\">Compact \u0219i portabil<\/strong> \u2013 ideal pentru spa\u021bii mici, birouri sau ma\u0219ini<\/p>\n<\/li>\n<li data-start=\"1200\" data-end=\"1272\">\n<p data-start=\"1202\" data-end=\"1272\"><strong data-start=\"1202\" data-end=\"1225\">Alimentare prin USB<\/strong> \u2013 compatibil cu toate porturile de \u00eenc\u0103rcare<\/p>\n<\/li>\n<\/ul>\n<hr data-start=\"1274\" data-end=\"1277\" \/>\n<h4 data-start=\"1279\" data-end=\"1322\">\ud83d\udcbc <strong data-start=\"1287\" data-end=\"1322\">Avantaje pentru partenerii B2B:<\/strong><\/h4>\n<ul data-start=\"1323\" data-end=\"1566\">\n<li data-start=\"1323\" data-end=\"1408\">\n<p data-start=\"1325\" data-end=\"1408\"><strong data-start=\"1325\" data-end=\"1355\">Produs cu cerere constant\u0103<\/strong> \u2013 apreciat de utilizatori casnici \u0219i profesioni\u0219ti<\/p>\n<\/li>\n<li data-start=\"1409\" data-end=\"1481\">\n<p data-start=\"1411\" data-end=\"1481\"><strong data-start=\"1411\" data-end=\"1440\">Marj\u0103 de profit atractiv\u0103<\/strong> \u2013 achizi\u021bii en-gros la pre\u021b competitiv<\/p>\n<\/li>\n<li data-start=\"1482\" data-end=\"1566\">\n<p data-start=\"1484\" data-end=\"1566\"><strong data-start=\"1484\" data-end=\"1510\">Versatilitate ridicat\u0103<\/strong> \u2013 ideal pentru retail, distribu\u021bie \u0219i magazine online<\/p>\n<\/li>\n<\/ul>\n<hr data-start=\"1568\" data-end=\"1571\" \/>\n<p data-start=\"1573\" data-end=\"1690\">\ud83d\udd0c <strong data-start=\"1576\" data-end=\"1607\">Simplu. Puternic. Eficient.<\/strong><br data-start=\"1607\" data-end=\"1610\" \/>Alege aspiratorul auto portabil pentru o cur\u0103\u021benie impecabil\u0103 oriunde te afli!<\/p>\n","protected":false},"excerpt":{"rendered":"<p>Aspirator Auto Portabil \u2013 Compact, Puternic \u0219i U\u0219or de Utilizat Acest aspirator portabil este un instrument esen\u021bial \u00een orice gospod\u0103rie sau autoturism, ideal pentru a cur\u0103\u021ba rapid \u0219i eficient diverse suprafe\u021be \u2013 de la podele, tapi\u021berii \u0219i scaune auto, p\u00e2n\u0103 la col\u021buri greu accesibile.Designul s\u0103u ergonomic \u0219i robust asigur\u0103 o utilizare confortabil\u0103, iar dimensiunile compacte [&hellip;]<\/p>\n","protected":false},"featured_media":10500,"comment_status":"open","ping_status":"closed","template":"","meta":[],"product_brand":[],"product_cat":[298],"product_tag":[],"class_list":{"0":"post-10498","1":"product","2":"type-product","3":"status-publish","4":"has-post-thumbnail","6":"product_cat-casa-si-auto","8":"first","9":"instock","10":"sale","11":"shipping-taxable","12":"purchasable","13":"product-type-simple"},"_links":{"self":[{"href":"https:\/\/premiumshopclt.com\/index.php?rest_route=\/wp\/v2\/product\/10498","targetHints":{"allow":["GET"]}}],"collection":[{"href":"https:\/\/premiumshopclt.com\/index.php?rest_route=\/wp\/v2\/product"}],"about":[{"href":"https:\/\/premiumshopclt.com\/index.php?rest_route=\/wp\/v2\/types\/product"}],"replies":[{"embeddable":true,"href":"https:\/\/premiumshopclt.com\/index.php?rest_route=%2Fwp%2Fv2%2Fcomments&post=10498"}],"wp:featuredmedia":[{"embeddable":true,"href":"https:\/\/premiumshopclt.com\/index.php?rest_route=\/wp\/v2\/media\/10500"}],"wp:attachment":[{"href":"https:\/\/premiumshopclt.com\/index.php?rest_route=%2Fwp%2Fv2%2Fmedia&parent=10498"}],"wp:term":[{"taxonomy":"product_brand","embeddable":true,"href":"https:\/\/premiumshopclt.com\/index.php?rest_route=%2Fwp%2Fv2%2Fproduct_brand&post=10498"},{"taxonomy":"product_cat","embeddable":true,"href":"https:\/\/premiumshopclt.com\/index.php?rest_route=%2Fwp%2Fv2%2Fproduct_cat&post=10498"},{"taxonomy":"product_tag","embeddable":true,"href":"https:\/\/premiumshopclt.com\/index.php?rest_route=%2Fwp%2Fv2%2Fproduct_tag&post=10498"}],"curies":[{"name":"wp","href":"https:\/\/api.w.org\/{rel}","templated":true}]}}