{"id":10640,"date":"2025-11-20T15:17:54","date_gmt":"2025-11-20T12:17:54","guid":{"rendered":"https:\/\/premiumshopclt.com\/?post_type=product&#038;p=10640"},"modified":"2025-11-20T15:36:57","modified_gmt":"2025-11-20T12:36:57","slug":"pachet-promo-4-la-pret-de-1","status":"publish","type":"product","link":"https:\/\/premiumshopclt.com\/?product=pachet-promo-4-la-pret-de-1","title":{"rendered":"Pachet Promo 4 la pret de 1"},"content":{"rendered":"<p>Pachetul include 4 produse, toate la pret de 1<br \/>\nMa\u0219in\u0103 de tuns profesional\u0103 vintage cu lame din o\u021bel inoxidabil<br \/>\nAspirator auto portabil cu \u00eenc\u0103rcare USB<br \/>\nTrus\u0103 chei tubulare 40 piese cu clichet<br \/>\nBox\u0103 Bluetooth portabil\u0103 cu iluminare LED<\/p>\n","protected":false},"excerpt":{"rendered":"<p>Pachetul include 4 produse, toate la pret de 1 Ma\u0219in\u0103 de tuns profesional\u0103 vintage cu lame din o\u021bel inoxidabil Aspirator auto portabil cu \u00eenc\u0103rcare USB Trus\u0103 chei tubulare 40 piese cu clichet Box\u0103 Bluetooth portabil\u0103 cu iluminare LED<\/p>\n","protected":false},"featured_media":10681,"comment_status":"open","ping_status":"closed","template":"","meta":[],"product_brand":[],"product_cat":[247,298,301,300,299],"product_tag":[],"class_list":{"0":"post-10640","1":"product","2":"type-product","3":"status-publish","4":"has-post-thumbnail","6":"product_cat-phone-accessories","7":"product_cat-casa-si-auto","8":"product_cat-idei-de-cadouri","9":"product_cat-ingrijire-personala","10":"product_cat-tehnologie-gadgeturi","12":"first","13":"instock","14":"sale","15":"shipping-taxable","16":"purchasable","17":"product-type-simple"},"_links":{"self":[{"href":"https:\/\/premiumshopclt.com\/index.php?rest_route=\/wp\/v2\/product\/10640","targetHints":{"allow":["GET"]}}],"collection":[{"href":"https:\/\/premiumshopclt.com\/index.php?rest_route=\/wp\/v2\/product"}],"about":[{"href":"https:\/\/premiumshopclt.com\/index.php?rest_route=\/wp\/v2\/types\/product"}],"replies":[{"embeddable":true,"href":"https:\/\/premiumshopclt.com\/index.php?rest_route=%2Fwp%2Fv2%2Fcomments&post=10640"}],"wp:featuredmedia":[{"embeddable":true,"href":"https:\/\/premiumshopclt.com\/index.php?rest_route=\/wp\/v2\/media\/10681"}],"wp:attachment":[{"href":"https:\/\/premiumshopclt.com\/index.php?rest_route=%2Fwp%2Fv2%2Fmedia&parent=10640"}],"wp:term":[{"taxonomy":"product_brand","embeddable":true,"href":"https:\/\/premiumshopclt.com\/index.php?rest_route=%2Fwp%2Fv2%2Fproduct_brand&post=10640"},{"taxonomy":"product_cat","embeddable":true,"href":"https:\/\/premiumshopclt.com\/index.php?rest_route=%2Fwp%2Fv2%2Fproduct_cat&post=10640"},{"taxonomy":"product_tag","embeddable":true,"href":"https:\/\/premiumshopclt.com\/index.php?rest_route=%2Fwp%2Fv2%2Fproduct_tag&post=10640"}],"curies":[{"name":"wp","href":"https:\/\/api.w.org\/{rel}","templated":true}]}}